{"id":29,"date":"2023-04-24T14:14:22","date_gmt":"2023-04-24T13:14:22","guid":{"rendered":"https:\/\/apostrophecafe.shop\/?page_id=29"},"modified":"2023-05-02T21:27:36","modified_gmt":"2023-05-02T20:27:36","slug":"contact","status":"publish","type":"page","link":"https:\/\/apostrophecafe.shop\/en\/contact\/","title":{"rendered":"Contact"},"content":{"rendered":"<style>\/*! elementor - v3.12.2 - 23-04-2023 *\/\n.elementor-widget-image{text-align:center}.elementor-widget-image a{display:inline-block}.elementor-widget-image a img[src$=\".svg\"]{width:48px}.elementor-widget-image img{vertical-align:middle;display:inline-block}<\/style>\n<p>\t\t\t\t\t\t\t\t\t\t\t\t<img decoding=\"async\" width=\"365\" height=\"449\" src=\"http:\/\/apostrophecafe.shop\/wp-content\/uploads\/2023\/04\/exterior.jpg\" alt=\"\" loading=\"lazy\" srcset=\"https:\/\/apostrophecafe.shop\/wp-content\/uploads\/2023\/04\/exterior.jpg 365w, https:\/\/apostrophecafe.shop\/wp-content\/uploads\/2023\/04\/exterior-244x300.jpg 244w\" sizes=\"auto, (max-width: 365px) 100vw, 365px\" \/>\n\t\t\t<link rel=\"stylesheet\" href=\"https:\/\/apostrophecafe.shop\/wp-content\/plugins\/elementor\/assets\/css\/widget-icon-list.min.css\">\n<ul>\n<li>\n\t\t\t\t\t\t\t\t\t\t<b>Addresse:<\/b> 123 Rue Main, Montr\u00e9al, QC J2J 20L\n\t\t\t\t\t\t\t\t\t<\/li>\n<li>\n\t\t\t\t\t\t\t\t\t\t<b>Heure d\u2019ouverture:<\/b> Lundi-Vendredi  9:00AM &#8211; 5:00PM\n\t\t\t\t\t\t\t\t\t<\/li>\n<li>\n\t\t\t\t\t\t\t\t\t\t<b>T\u00e9l\u00e9phone:<\/b> 123-456-7890\n\t\t\t\t\t\t\t\t\t<\/li>\n<li>\n\t\t\t\t\t\t\t\t\t\t<b>Courriel:<\/b> contact@apostrophe.com\n\t\t\t\t\t\t\t\t\t<\/li>\n<\/ul>\n<p>On aimerais avoir savoir ce que vous pensez.<\/p>\n<p>N&rsquo;h\u00e9sitez pas \u00e0 nous contacter en utilisant les d\u00e9tails ci-dessous.<\/p>\n<style>\/*! elementor - v3.12.2 - 23-04-2023 *\/\n.elementor-widget-google_maps .elementor-widget-container{overflow:hidden}.elementor-widget-google_maps .elementor-custom-embed{line-height:0}.elementor-widget-google_maps iframe{height:300px}<\/style>\n<p>\t\t\t<iframe loading=\"lazy\"\n\t\t\t\t\tsrc=\"https:\/\/maps.google.com\/maps?q=Broadway%20%26%2C%20Chambers%20St%2C%20New%20York%2C%20NY%2010007%2C%20United%20States&#038;t=m&#038;z=17&#038;output=embed&#038;iwloc=near\"\n\t\t\t\t\ttitle=\"Broadway &amp;, Chambers St, New York, NY 10007, United States\"\n\t\t\t\t\taria-label=\"Broadway &amp;, Chambers St, New York, NY 10007, United States\"\n\t\t\t><\/iframe><\/p>\n<style>\/*! elementor - v3.12.2 - 23-04-2023 *\/\n.elementor-heading-title{padding:0;margin:0;line-height:1}.elementor-widget-heading .elementor-heading-title[class*=elementor-size-]>a{color:inherit;font-size:inherit;line-height:inherit}.elementor-widget-heading .elementor-heading-title.elementor-size-small{font-size:15px}.elementor-widget-heading .elementor-heading-title.elementor-size-medium{font-size:19px}.elementor-widget-heading .elementor-heading-title.elementor-size-large{font-size:29px}.elementor-widget-heading .elementor-heading-title.elementor-size-xl{font-size:39px}.elementor-widget-heading .elementor-heading-title.elementor-size-xxl{font-size:59px}<\/style>\n<h2>Visitez-nous<\/h2>\n<link rel=\"stylesheet\" href=\"https:\/\/apostrophecafe.shop\/wp-content\/plugins\/elementor\/assets\/css\/widget-icon-box.min.css\">\n<h4>\n\t\t\t\t\t\tAddresse:<br \/>\n\t\t\t\t<\/h4>\n<p>\n\t\t\t\t\t\t23 Rue Main, Montr\u00e9al, QC J2J 20L\t\t\t\t\t<\/p>\n<p>\u00a9 Tous droits r\u00e9serv\u00e9s<\/p>\n","protected":false},"excerpt":{"rendered":"<p>Addresse: 123 Rue Main, Montr\u00e9al, QC J2J 20L Heure d\u2019ouverture: Lundi-Vendredi 9:00AM &#8211; 5:00PM T\u00e9l\u00e9phone: 123-456-7890 Courriel: contact@apostrophe.com On aimerais avoir savoir ce que vous pensez. N&rsquo;h\u00e9sitez pas \u00e0 nous contacter en utilisant les d\u00e9tails ci-dessous. Visitez-nous Addresse: 23 Rue Main, Montr\u00e9al, QC J2J 20L \u00a9 Tous droits r\u00e9serv\u00e9s<\/p>","protected":false},"author":1,"featured_media":0,"parent":0,"menu_order":0,"comment_status":"closed","ping_status":"closed","template":"","meta":{"footnotes":""},"class_list":["post-29","page","type-page","status-publish","hentry","entry"],"jetpack_sharing_enabled":true,"_links":{"self":[{"href":"https:\/\/apostrophecafe.shop\/en\/wp-json\/wp\/v2\/pages\/29","targetHints":{"allow":["GET"]}}],"collection":[{"href":"https:\/\/apostrophecafe.shop\/en\/wp-json\/wp\/v2\/pages"}],"about":[{"href":"https:\/\/apostrophecafe.shop\/en\/wp-json\/wp\/v2\/types\/page"}],"author":[{"embeddable":true,"href":"https:\/\/apostrophecafe.shop\/en\/wp-json\/wp\/v2\/users\/1"}],"replies":[{"embeddable":true,"href":"https:\/\/apostrophecafe.shop\/en\/wp-json\/wp\/v2\/comments?post=29"}],"version-history":[{"count":22,"href":"https:\/\/apostrophecafe.shop\/en\/wp-json\/wp\/v2\/pages\/29\/revisions"}],"predecessor-version":[{"id":190,"href":"https:\/\/apostrophecafe.shop\/en\/wp-json\/wp\/v2\/pages\/29\/revisions\/190"}],"wp:attachment":[{"href":"https:\/\/apostrophecafe.shop\/en\/wp-json\/wp\/v2\/media?parent=29"}],"curies":[{"name":"wp","href":"https:\/\/api.w.org\/{rel}","templated":true}]}}