{"id":27,"date":"2023-04-24T14:13:38","date_gmt":"2023-04-24T13:13:38","guid":{"rendered":"https:\/\/apostrophecafe.shop\/?page_id=27"},"modified":"2023-05-03T10:34:36","modified_gmt":"2023-05-03T14:34:36","slug":"menu","status":"publish","type":"page","link":"https:\/\/apostrophecafe.shop\/en\/menu\/","title":{"rendered":"Menu"},"content":{"rendered":"<style>\/*! elementor - v3.12.2 - 23-04-2023 *\/\n.elementor-widget-image{text-align:center}.elementor-widget-image a{display:inline-block}.elementor-widget-image a img[src$=\".svg\"]{width:48px}.elementor-widget-image img{vertical-align:middle;display:inline-block}<\/style>\n<p>\t\t\t\t\t\t\t\t\t\t\t\t<img decoding=\"async\" width=\"503\" height=\"517\" src=\"http:\/\/apostrophecafe.shop\/wp-content\/uploads\/2023\/04\/study.jpg\" alt=\"\" loading=\"lazy\" srcset=\"https:\/\/apostrophecafe.shop\/wp-content\/uploads\/2023\/04\/study.jpg 503w, https:\/\/apostrophecafe.shop\/wp-content\/uploads\/2023\/04\/study-292x300.jpg 292w\" sizes=\"auto, (max-width: 503px) 100vw, 503px\" \/>\t\t\t\t\t\t\t\t\t\t\t\t\t\t\t<\/p>\n<style>\/*! elementor - v3.12.2 - 23-04-2023 *\/\n.elementor-heading-title{padding:0;margin:0;line-height:1}.elementor-widget-heading .elementor-heading-title[class*=elementor-size-]>a{color:inherit;font-size:inherit;line-height:inherit}.elementor-widget-heading .elementor-heading-title.elementor-size-small{font-size:15px}.elementor-widget-heading .elementor-heading-title.elementor-size-medium{font-size:19px}.elementor-widget-heading .elementor-heading-title.elementor-size-large{font-size:29px}.elementor-widget-heading .elementor-heading-title.elementor-size-xl{font-size:39px}.elementor-widget-heading .elementor-heading-title.elementor-size-xxl{font-size:59px}<\/style>\n<h1>Nos services<\/h1>\n<p>Nous offrons une vari\u00e9t\u00e9 de boissons chaudes et froides. Nous avons toujours des collations disponibles.<\/p>\n<h2>Consultez notre menu en fran\u00e7ais <\/h2>\n<p>\t\t\t\t\t\t\t\t\t\t\t\t\t\t\t\t<a href=\"http:\/\/apostrophecafe.shop\/wp-content\/uploads\/2023\/04\/menu2.jpg\" data-elementor-open-lightbox=\"yes\" data-elementor-lightbox-title=\"menu2\" data-e-action-hash=\"#elementor-action%3Aaction%3Dlightbox%26settings%3DeyJpZCI6MTM1LCJ1cmwiOiJodHRwOlwvXC9hcG9zdHJvcGhlY2FmZS5zaG9wXC93cC1jb250ZW50XC91cGxvYWRzXC8yMDIzXC8wNFwvbWVudTIuanBnIn0%3D\"><br \/>\n\t\t\t\t\t\t\t<img decoding=\"async\" width=\"540\" height=\"792\" src=\"http:\/\/apostrophecafe.shop\/wp-content\/uploads\/2023\/04\/menu2.jpg\" alt=\"\" loading=\"lazy\" srcset=\"https:\/\/apostrophecafe.shop\/wp-content\/uploads\/2023\/04\/menu2.jpg 540w, https:\/\/apostrophecafe.shop\/wp-content\/uploads\/2023\/04\/menu2-205x300.jpg 205w\" sizes=\"auto, (max-width: 540px) 100vw, 540px\" \/>\t\t\t\t\t\t\t\t<\/a><\/p>\n<h2>Consultez notre menu en anglais<\/h2>\n<p>\t\t\t\t\t\t\t\t\t\t\t\t\t\t\t\t<a href=\"http:\/\/apostrophecafe.shop\/wp-content\/uploads\/2023\/04\/menu.jpg\" data-elementor-open-lightbox=\"yes\" data-elementor-lightbox-title=\"menu\" data-e-action-hash=\"#elementor-action%3Aaction%3Dlightbox%26settings%3DeyJpZCI6MTM0LCJ1cmwiOiJodHRwOlwvXC9hcG9zdHJvcGhlY2FmZS5zaG9wXC93cC1jb250ZW50XC91cGxvYWRzXC8yMDIzXC8wNFwvbWVudS5qcGcifQ%3D%3D\"><br \/>\n\t\t\t\t\t\t\t<img decoding=\"async\" width=\"540\" height=\"792\" src=\"http:\/\/apostrophecafe.shop\/wp-content\/uploads\/2023\/04\/menu.jpg\" alt=\"\" loading=\"lazy\" srcset=\"https:\/\/apostrophecafe.shop\/wp-content\/uploads\/2023\/04\/menu.jpg 540w, https:\/\/apostrophecafe.shop\/wp-content\/uploads\/2023\/04\/menu-205x300.jpg 205w\" sizes=\"auto, (max-width: 540px) 100vw, 540px\" \/>\t\t\t\t\t\t\t\t<\/a><\/p>\n<h3>Visitez-nous<\/h3>\n<p>C&rsquo;est votre chance de go\u00fbter \u00e0 notre menu et avoir l\u2019exp\u00e9rience Apostrophe.<\/p>\n<p>\t\t\t<a href=\"https:\/\/apostrophecafe.shop\/?page_id=29#\" role=\"button\"><br \/>\n\t\t\t\t\t\tContactez-nous<br \/>\n\t\t\t\t\t<\/a><\/p>\n<p>\u00a9 2022 Tous droits r\u00e9serv\u00e9s<\/p>\n","protected":false},"excerpt":{"rendered":"<p>Nos services Nous offrons une vari\u00e9t\u00e9 de boissons chaudes et froides. Nous avons toujours des collations disponibles. Consultez notre menu en fran\u00e7ais Consultez notre menu en anglais Visitez-nous C&rsquo;est votre chance de go\u00fbter \u00e0 notre menu et avoir l\u2019exp\u00e9rience Apostrophe. Contactez-nous \u00a9 2022 Tous droits r\u00e9serv\u00e9s<\/p>","protected":false},"author":1,"featured_media":0,"parent":0,"menu_order":0,"comment_status":"closed","ping_status":"closed","template":"","meta":{"footnotes":""},"class_list":["post-27","page","type-page","status-publish","hentry","entry"],"jetpack_sharing_enabled":true,"_links":{"self":[{"href":"https:\/\/apostrophecafe.shop\/en\/wp-json\/wp\/v2\/pages\/27","targetHints":{"allow":["GET"]}}],"collection":[{"href":"https:\/\/apostrophecafe.shop\/en\/wp-json\/wp\/v2\/pages"}],"about":[{"href":"https:\/\/apostrophecafe.shop\/en\/wp-json\/wp\/v2\/types\/page"}],"author":[{"embeddable":true,"href":"https:\/\/apostrophecafe.shop\/en\/wp-json\/wp\/v2\/users\/1"}],"replies":[{"embeddable":true,"href":"https:\/\/apostrophecafe.shop\/en\/wp-json\/wp\/v2\/comments?post=27"}],"version-history":[{"count":26,"href":"https:\/\/apostrophecafe.shop\/en\/wp-json\/wp\/v2\/pages\/27\/revisions"}],"predecessor-version":[{"id":294,"href":"https:\/\/apostrophecafe.shop\/en\/wp-json\/wp\/v2\/pages\/27\/revisions\/294"}],"wp:attachment":[{"href":"https:\/\/apostrophecafe.shop\/en\/wp-json\/wp\/v2\/media?parent=27"}],"curies":[{"name":"wp","href":"https:\/\/api.w.org\/{rel}","templated":true}]}}