{"id":18,"date":"2023-04-24T14:08:28","date_gmt":"2023-04-24T13:08:28","guid":{"rendered":"https:\/\/apostrophecafe.shop\/?page_id=18"},"modified":"2023-05-06T17:49:14","modified_gmt":"2023-05-06T21:49:14","slug":"home","status":"publish","type":"page","link":"https:\/\/apostrophecafe.shop\/en\/","title":{"rendered":"Home"},"content":{"rendered":"<style>\/*! elementor - v3.12.2 - 23-04-2023 *\/\n.elementor-heading-title{padding:0;margin:0;line-height:1}.elementor-widget-heading .elementor-heading-title[class*=elementor-size-]>a{color:inherit;font-size:inherit;line-height:inherit}.elementor-widget-heading .elementor-heading-title.elementor-size-small{font-size:15px}.elementor-widget-heading .elementor-heading-title.elementor-size-medium{font-size:19px}.elementor-widget-heading .elementor-heading-title.elementor-size-large{font-size:29px}.elementor-widget-heading .elementor-heading-title.elementor-size-xl{font-size:39px}.elementor-widget-heading .elementor-heading-title.elementor-size-xxl{font-size:59px}<\/style>\n<h1>Where you can drink your coffee in peace.<\/h1>\n<h3>Bienvenue o\u00f9 la paix reigne<\/h3>\n<p>On offre un endroit silencieux&nbsp; pour lire, \u00e9tudier ou juste boire simplement du caf\u00e9. Venez-nous visiter et apportez votre propre tasse \u00e0 caf\u00e9 r\u00e9utilisable pour enlever 1$ de votre achat. Ici \u00e0 Apostrophe, on veut que nos clients se sentent la bienvenue, c&rsquo;est pourquoi nous offrons du wifi gratuit ainsi que des endroits pour s\u2019asseoir.<\/p>\n<style>\/*! elementor - v3.12.2 - 23-04-2023 *\/\n.elementor-widget-image{text-align:center}.elementor-widget-image a{display:inline-block}.elementor-widget-image a img[src$=\".svg\"]{width:48px}.elementor-widget-image img{vertical-align:middle;display:inline-block}<\/style>\n<p>\t\t\t\t\t\t\t\t\t\t\t\t<img decoding=\"async\" width=\"750\" height=\"331\" src=\"http:\/\/apostrophecafe.shop\/wp-content\/uploads\/2023\/05\/Untitled_Artwork-25-e1683124466448-1024x452.jpg\" alt=\"black and outline coffee beans\" loading=\"lazy\" srcset=\"https:\/\/apostrophecafe.shop\/wp-content\/uploads\/2023\/05\/Untitled_Artwork-25-e1683124466448-1024x452.jpg 1024w, https:\/\/apostrophecafe.shop\/wp-content\/uploads\/2023\/05\/Untitled_Artwork-25-e1683124466448-300x132.jpg 300w, https:\/\/apostrophecafe.shop\/wp-content\/uploads\/2023\/05\/Untitled_Artwork-25-e1683124466448-768x339.jpg 768w, https:\/\/apostrophecafe.shop\/wp-content\/uploads\/2023\/05\/Untitled_Artwork-25-e1683124466448-18x8.jpg 18w, https:\/\/apostrophecafe.shop\/wp-content\/uploads\/2023\/05\/Untitled_Artwork-25-e1683124466448.jpg 1323w\" sizes=\"auto, (max-width: 750px) 100vw, 750px\" \/><br \/>\n\t\t\t\t\t\t\t\t\t\t\t\t\t\t\t<img decoding=\"async\" width=\"444\" height=\"730\" src=\"http:\/\/apostrophecafe.shop\/wp-content\/uploads\/2023\/04\/coffeecup.png\" alt=\"coffee cup with the steam being an image\" loading=\"lazy\" srcset=\"https:\/\/apostrophecafe.shop\/wp-content\/uploads\/2023\/04\/coffeecup.png 444w, https:\/\/apostrophecafe.shop\/wp-content\/uploads\/2023\/04\/coffeecup-182x300.png 182w\" sizes=\"auto, (max-width: 444px) 100vw, 444px\" \/>\t\t\t\t\t\t\t\t\t\t\t\t\t\t\t<\/p>\n<h3>About us<\/h3>\n<p>\t\t\t<a href=\"https:\/\/apostrophecafe.shop\/?page_id=29\" role=\"button\"><br \/>\n\t\t\t\t\t\tcontactez-nous<br \/>\n\t\t\t\t\t<\/a><\/p>\n<p>Avec une ambiance calme, pour ceux qui recherche une pause de la vie quotidienne. Que ce soit un endroit calme que vous recherchez ou simplement un endroit o\u00f9 relaxer et parler avec des amis, notre caf\u00e9&nbsp; offre le parfait endroit. C&rsquo;est une destination incontournable pour ceux qui recherchent le calme dans le chaos de la ville.<\/p>\n<h3>Nous avons beaucoup \u00e0 offrir<\/h3>\n<p>Consulte notre menu<\/p>\n<style>\/*! elementor - v3.12.2 - 23-04-2023 *\/\n.elementor-widget-image-box .elementor-image-box-content{width:100%}@media (min-width:768px){.elementor-widget-image-box.elementor-position-left .elementor-image-box-wrapper,.elementor-widget-image-box.elementor-position-right .elementor-image-box-wrapper{display:flex}.elementor-widget-image-box.elementor-position-right .elementor-image-box-wrapper{text-align:right;flex-direction:row-reverse}.elementor-widget-image-box.elementor-position-left .elementor-image-box-wrapper{text-align:left;flex-direction:row}.elementor-widget-image-box.elementor-position-top .elementor-image-box-img{margin:auto}.elementor-widget-image-box.elementor-vertical-align-top .elementor-image-box-wrapper{align-items:flex-start}.elementor-widget-image-box.elementor-vertical-align-middle .elementor-image-box-wrapper{align-items:center}.elementor-widget-image-box.elementor-vertical-align-bottom .elementor-image-box-wrapper{align-items:flex-end}}@media (max-width:767px){.elementor-widget-image-box .elementor-image-box-img{margin-left:auto!important;margin-right:auto!important;margin-bottom:15px}}.elementor-widget-image-box .elementor-image-box-img{display:inline-block}.elementor-widget-image-box .elementor-image-box-title a{color:inherit}.elementor-widget-image-box .elementor-image-box-wrapper{text-align:center}.elementor-widget-image-box .elementor-image-box-description{margin:0}<\/style>\n<figure><a href=\"#\"><img decoding=\"async\" width=\"463\" height=\"310\" src=\"http:\/\/apostrophecafe.shop\/wp-content\/uploads\/2023\/04\/coffee.png\" alt=\"\" loading=\"lazy\" \/><\/a><\/figure>\n<h4><a href=\"#\">boisson<\/a><\/h4>\n<p>\t\t\t<a href=\"https:\/\/apostrophecafe.shop\/?page_id=27\" role=\"button\"><br \/>\n\t\t\t\t\t\tmenu<br \/>\n\t\t\t\t\t<\/a><\/p>\n<figure><a href=\"#\"><img decoding=\"async\" src=\"http:\/\/apostrophecafe.shop\/wp-content\/uploads\/elementor\/thumbs\/croissant-2-q5jifbodjtkytwf1xklhvajohco1zkj1gq2xvvk31s.png\" title=\"croissant\" alt=\"croissant\" loading=\"lazy\" \/><\/a><\/figure>\n<h4><a href=\"#\">collation<\/a><\/h4>\n<p>\t\t\t<a href=\"https:\/\/apostrophecafe.shop\/?page_id=27\" role=\"button\"><br \/>\n\t\t\t\t\t\tmenu<br \/>\n\t\t\t\t\t<\/a><\/p>\n<p>\u00a9 Tous droits r\u00e9serv\u00e9s<\/p>\n","protected":false},"excerpt":{"rendered":"<p>Where you can drink your coffee in peace. Bienvenue o\u00f9 la paix reigne On offre un endroit silencieux&nbsp; pour lire, \u00e9tudier ou juste boire simplement du caf\u00e9. Venez-nous visiter et apportez votre propre tasse \u00e0 caf\u00e9 r\u00e9utilisable pour enlever 1$ de votre achat. Ici \u00e0 Apostrophe, on veut que nos clients se sentent la bienvenue,&hellip; <a class=\"more-link\" href=\"https:\/\/apostrophecafe.shop\/en\/\">Continue reading <span class=\"screen-reader-text\">Home<\/span><\/a><\/p>","protected":false},"author":1,"featured_media":0,"parent":0,"menu_order":0,"comment_status":"closed","ping_status":"closed","template":"","meta":{"footnotes":""},"class_list":["post-18","page","type-page","status-publish","hentry","entry"],"jetpack_sharing_enabled":true,"_links":{"self":[{"href":"https:\/\/apostrophecafe.shop\/en\/wp-json\/wp\/v2\/pages\/18","targetHints":{"allow":["GET"]}}],"collection":[{"href":"https:\/\/apostrophecafe.shop\/en\/wp-json\/wp\/v2\/pages"}],"about":[{"href":"https:\/\/apostrophecafe.shop\/en\/wp-json\/wp\/v2\/types\/page"}],"author":[{"embeddable":true,"href":"https:\/\/apostrophecafe.shop\/en\/wp-json\/wp\/v2\/users\/1"}],"replies":[{"embeddable":true,"href":"https:\/\/apostrophecafe.shop\/en\/wp-json\/wp\/v2\/comments?post=18"}],"version-history":[{"count":145,"href":"https:\/\/apostrophecafe.shop\/en\/wp-json\/wp\/v2\/pages\/18\/revisions"}],"predecessor-version":[{"id":310,"href":"https:\/\/apostrophecafe.shop\/en\/wp-json\/wp\/v2\/pages\/18\/revisions\/310"}],"wp:attachment":[{"href":"https:\/\/apostrophecafe.shop\/en\/wp-json\/wp\/v2\/media?parent=18"}],"curies":[{"name":"wp","href":"https:\/\/api.w.org\/{rel}","templated":true}]}}